{"id":4622,"date":"2021-04-27T09:25:43","date_gmt":"2021-04-27T09:25:43","guid":{"rendered":"https:\/\/www.lounge8.ro\/exploreaza-orasul\/"},"modified":"2021-05-14T14:05:42","modified_gmt":"2021-05-14T14:05:42","slug":"exploreaza-orasul","status":"publish","type":"page","link":"https:\/\/www.lounge8.ro\/ro\/exploreaza-orasul\/","title":{"rendered":"Exploreaza ora\u0219ul"},"content":{"rendered":"<p>[vc_row row_content_width=&#8221;grid&#8221; css=&#8221;.vc_custom_1524036858054{padding-top: 115px !important;padding-bottom: 113px !important;}&#8221;][vc_column]<div class=\"qodef-section-title-holder  qodef-st-standard qodef-st-title-left  qodef-st-normal-space  \" >\n\t<div class=\"qodef-st-inner\">\n                    <span class=\"qodef-st-subtitle\" style=\"font-size: 23px;font-weight: 400\">\n                Discover the city            <\/span>\n        \t\t\t\t\t<h1 class=\"qodef-st-title\" >\n\t\t\t\tA COMPLETE<br \/> CITY GUIDE\t\t\t<\/h1>\n\t\t\t\t\t<\/div>\n<\/div>[vc_column_text]De-a lungul timpului, Oradea a reprezentat un punct de referin\u021b\u0103 \u00een zona culturii, economiei \u0219i vie\u021bii sociale, fiind considerat\u0103 cel mai important ora\u0219 din regiunea istoric\u0103 Cri\u0219ana. Dac\u0103 alege\u021bi Lounge 8, ve\u021bi fi impresiona\u021bi de vederea panoramic\u0103 care v\u0103 \u00eendeamn\u0103 s\u0103 explora\u021bi frumuse\u021bile ora\u0219ului.<\/p>\n<p>Povestea\u00a0<strong>Cet\u0103\u021bii Oradiei<\/strong>, situat\u0103 la 3.8 km de Lounge 8, \u00eencepe \u00een anul 1092 \u00een timpul unei partide de v\u00e2n\u0103toare. Se spune c\u0103, regele Ungariei, Ladislau I, a poposit pe malul Cri\u0219ului, iar \u00een timpul nop\u021bii, i s-au ar\u0103tat \u00een vis doi \u00eengeri care i-ai cerut s\u0103 cl\u0103deasc\u0103 acolo o m\u0103n\u0103stire. A numit acel loc V\u00e1rad, iar \u00een jurul l\u0103ca\u0219ului de cult a construit o cetate care avea s\u0103 apere cre\u0219tin\u0103tatea, secole la r\u00e2nd. Prima men\u021biune istoric\u0103 atestat\u0103 a ap\u0103rut abia \u00een anul 1113, cand Oradea a fost men\u021bionat\u0103 \u00eentr-o cronic\u0103 a c\u0103lug\u0103rilor benedictini de la m\u0103n\u0103stirea Zobor.<\/p>\n<p>Construit\u0103 \u00een stil arhitectonic renascentist \u0219i baroc \u0219i dezvoltat\u0103 \u00eentre secolele XII \u0219i XVIII cu ajutorul mai multor arhitec\u021bi, cetatea cuprinde 12 corpuri \u0219i 5 bastioane (Bastionul Aurit, Bastionul Bethlen, Bastionul Ciunt, Bastionul Cr\u0103i\u0219orul, Bastionul Ro\u0219u), cele mai impresionante monumente fiind Palatul Princiar, Palatul Gotic \u0219i Biserica Romano-Catolic\u0103. \u00cen timp, cetatea a devenit loc de convie\u021buire pentru un mozaic etnic care a contribuit la stabilirea componen\u021bei etnice de ast\u0103zi a Oradiei: rom\u00e2ni, maghiari, austrieci, nem\u021bi, slovaci, evrei, ucrainieni, turci \u0219.a.<\/p>\n<p>Dup\u0103 un asediu \u00eendelungat, Oradea a fost ocupat\u0103 de otomani, \u00een anul 1660, iar din 1867 a devenit parte a Imperiului Austro-Ungar, fiind cel mai important ora\u0219 dup\u0103 capitala, Budapesta. Doar din anul 1919 Oradea face parte din Rom\u00e2nia, dezvolt\u00e2nd o cultur\u0103 variat\u0103 datorit\u0103 contextului istoric.<\/p>\n<p>Ast\u0103zi, Cetatea Oradiei este un adev\u0103rat punct de atrac\u021bie, g\u0103zduind legende, dovezi arheologice, monumente, dar \u0219i demonstra\u021bii medievale, cinema \u00een aer liver, t\u00e2rguri, ateliere me\u0219te\u0219ug\u0103re\u0219ti \u0219i festivaluri de tipul street-food[\/vc_column_text][vc_empty_space height=&#8221;50px&#8221;][vc_images_carousel images=&#8221;4298,4302,4306&#8243; img_size=&#8221;full&#8221;][vc_column_text]Un alt punct de atrac\u021bie al ora\u0219ului este\u00a0<strong>Pia\u021ba Unirii<\/strong>\u00a0sau centrul, a\u0219a cum \u00eei spun or\u0103denii. Situat\u0103 la 1.7 km de Lounge 8 Studios (10 minute de mers pe jos), Pia\u021ba Unirii este punctul 0 al ora\u0219ului, aici fiind amplasate multe dintre cl\u0103dirile iconice, dar \u0219i nenum\u0103rate cafenele \u0219i restaurante. \u00cen proximitatea Palatului Prim\u0103riei, v\u0103 pute\u021bi plimba pe noua\u00a0<strong>promenad\u0103 de pe malul Cri\u0219ului<\/strong>, iluminat\u0103 ambiental.<\/p>\n<p>Dac\u0103 a\u021bi ajuns \u00een Pia\u021ba Unirii, atunci trebuie s\u0103 urca\u021bi \u0219i treptele\u00a0<strong>Turnului Prim\u0103riei<\/strong>. De\u0219i reprezint\u0103 o real\u0103 o provocare pentru mul\u021bi dintre turi\u0219ti, priveli\u0219tea pe care o ve\u021bi avea este de neuitat. O vedere panoramic\u0103, la fel de impresionant\u0103, dar poate mai cuprinz\u0103toare, are\u00a0<strong>Dealul Ciuperc\u0103<\/strong>, considerat un loc de relaxare \u0219i socializare pentru tineri, mai ales pe timpul verii.<\/p>\n<p>Un alt loc \u00een care v\u0103 pute\u021bi relaxa sunt\u00a0<strong>parcurile dendrologice<\/strong>\u00a0care ad\u0103postesc arbori \u0219i arbu\u0219ti din zeci de specii (Parcul Palatului Baroc, Parcul Dendrologic Cetate, Parcul Universit\u0103\u021bii, Parcul Pet\u0151fi).<\/p>\n<p>V\u0103 pute\u021bi \u00eencheia ziua pe\u00a0<strong>Calea Republicii<\/strong>, o pietenonal\u0103 unde or\u0103denii, dar \u0219i turi\u0219tii se pot retrage pentru o pauz\u0103 binemeritat\u0103, dup\u0103 c\u00e2teva ore de b\u00e2ntuit pe str\u0103zile ora\u0219ului \u0219i de vizitat muzeele \u0219i cetatea. Pe l\u00e2ng\u0103 palatele de tip secession, pute\u021bi g\u0103si o mul\u021bime de terase, aflate la parterul cl\u0103dirilor istorice, unde pute\u021bi bea o cafea, lua pr\u00e2nzul sau cina. \u0218i via\u021ba de noapte este c\u00e2t se poate de activ\u0103. Centrul istoric al ora\u0219ului abund\u0103 \u00een restaurante, terase \u0219i cluburi, unde v\u0103 pute\u021bi petrece nop\u021bile t\u00e2rzii, al\u0103turi de cei dragi.<br \/>\n[\/vc_column_text][vc_empty_space height=&#8221;65px&#8221;]<div class=\"qodef-section-title-holder  qodef-st-standard qodef-st-title-left  qodef-st-normal-space  \" >\n\t<div class=\"qodef-st-inner\">\n                    <span class=\"qodef-st-subtitle\" style=\"font-size: 23px;font-weight: 400\">\n                Discover the city            <\/span>\n        \t\t\t\t\t<h1 class=\"qodef-st-title\" >\n\t\t\t\tCULTURAL HERITAGE<br \/> SITES\t\t\t<\/h1>\n\t\t\t\t\t<\/div>\n<\/div>[vc_column_text]Pentru iubitorii de istorie \u0219i cultur\u0103, Lounge 8 Studios v\u0103 recomand\u0103 o serie de obiective pe care nu trebuie s\u0103 le rata\u021bi dac\u0103 sunte\u021bi \u00een Oradea.<\/p>\n<p>\u00cen anul 2011, or\u0103denii \u0219i-au ales, ca \u0219i simbol al ora\u0219ului,\u00a0<strong>Palatul Vulturul Negru<\/strong>, o cl\u0103dire impresionant\u0103, construit\u0103 \u00een 1907, dup\u0103 planurile arhitec\u021bilor Marcel Komor \u0219i Dezs\u0151 Jakob, la r\u00e2ndul lor fiind\u00a0 inspira\u021bi de o celebr\u0103 galerie din Milano. Categoric, Palatul este cel mai reprezentativ monument al stilului secession din Transilvania \u0219i a fost ridicat pe locul Hanului Arborele Verde, o cl\u0103dire ce exista \u00een anul 1714 \u0219i care a ad\u0103postit, o vreme, prim\u0103ria ora\u0219ului.<\/p>\n<p>Palatul are forma literei Y, cu deschidere pe trei str\u0103zi \u0219i fiecare dintre intr\u0103ri este dominat\u0103 de c\u00e2te un vultur negru. Intrarea dinspre Pia\u021ba Unirii se remarc\u0103 \u0219i prin prezen\u021ba Turnului cu Ceas, bogat ornamentat cu motive ale stilului secession, combinate cu alte stiluri de factur\u0103 baroc\u0103 sau rococo, menite a ilustra creativitatea \u0219i g\u00e2ndirea artistic\u0103 a \u00eenceputului de secol XX.<\/p>\n<p>Punctul maxim de atrac\u021bie al palatului \u00eel constituie pasajul interior, acoperit cu sticl\u0103, element singular \u00een contextul arhitecturii secession \u0219i o adev\u0103rat\u0103 \u00eenc\u00e2ntare, datorit\u0103 luminii care p\u0103trunde prin vitralii.<\/p>\n<p>Un punct de referin\u021b\u0103 \u00een peisajul arhitectonic or\u0103dean \u00eel constituie Catedrala Adormirea Maicii Domnului sau\u00a0<strong>Biserica cu Lun\u0103<\/strong>,\u00a0 numit\u0103 astfel datorit\u0103 unui mecanism unic \u00een Europa, montat pe turla bisericii, care pune \u00een mi\u0219care o sfer\u0103 cu diametrul de un metru, de forma lunii, vopsit\u0103 \u00een negru \u0219i auriu. Prin rotirea ei, asem\u0103n\u0103toare mi\u0219c\u0103rii de rota\u021bie a lunii \u00een jurul P\u0103m\u00e2ntului, aceast\u0103 sfer\u0103 indic\u0103 fazele lunii.<\/p>\n<p>Monumentul beneficiaz\u0103 \u0219i de un alt element ce \u00eei confer\u0103 unicitate \u0219i anume portretul lui Horea, unul dintre conduc\u0103torii R\u0103scoalei de la 1784. Se spune c\u0103 acest portret este singura reproducere autentic\u0103, originalul afl\u00e2ndu-se ast\u0103zi la Muzeul Episcopiei Ortodoxe Oradea.<\/p>\n<p><strong>Sinagoga Neolog\u0103 Sion<\/strong>\u00a0este parte integrant\u0103 a Centrului Istoric al Municipiului Oradea \u0219i este \u00eenscris\u0103 \u00een Lista Monumentelor istorice. A fost construit\u0103 de c\u0103tre evreii reformi\u0219ti din Oradea, \u00een anul 1878, imediat dup\u0103 separarea lor de comunitatea evreiasc\u0103 ortodox\u0103.<\/p>\n<p>Proiectul arhitectural i se datoreaz\u0103 unui membru marcant al comunit\u0103\u021bii evreie\u0219ti de la acea vreme, Busch David, arhitect \u0219ef al ora\u0219ului, iar de construc\u021bia cl\u0103dirii a fost responsabil un nume consacrat al arhitecturii or\u0103dene, Riman\u00f3czi K\u00e1lm\u00e1n.<\/p>\n<p>Reabilitarea recent\u0103 a acestui monument remarcabil reprezint\u0103 rec\u00e2\u0219tigarea unei cl\u0103diri emblematice pentru \u00eentreaga comunitate \u0219i, dat\u0103 fiind capacitatea de 1000 de locuri, Sinagoga ad\u0103poste\u0219te, \u00een zilele noastre, diverse manifest\u0103ri ale artei contemporane.[\/vc_column_text][vc_empty_space height=&#8221;50px&#8221;][vc_images_carousel images=&#8221;4298,4302,4306&#8243; img_size=&#8221;full&#8221;][vc_column_text]Catedrala Romano-Catolic\u0103 este cea mai mare construc\u021bie baroc\u0103 din Rom\u00e2nia \u0219i una dintre cele mai frumoase bazilici din Europa. Poart\u0103 hramul \u201eSfintei Maria\u201d\u00a0 \u0219i a fost construit\u0103 \u00eentre anii 1752-1780, dup\u0103 proiectul arhitectului italian Giovanni Battista Ricca. Vizitatorii vor descoperi, \u00een incint\u0103, moa\u0219tele Sf\u00e2ntului Ladislau precum \u0219i celebra org\u0103 d\u0103ruit\u0103 catedralei de \u00cemp\u0103r\u0103teasa Maria Terezia a Austriei. Acest m\u0103re\u021b edificiu str\u0103bate veacurile al\u0103turi de cele 10 cl\u0103diri ce compun \u0218irul Canonicilor \u0219i care, prin cele 57 de arcade, creeaz\u0103 o senza\u021bie de nesf\u00e2r\u0219ire.<\/p>\n<p>Palatul Baroc sau Palatul Episcopiei Romano-Catolice completeaz\u0103, \u00een mod fericit, acest ansamblu baroc. Palatul este unul dintre cele mai grandioase edificii ale acestui stil, din \u021bara noastr\u0103, dispun\u00e2nd de 100 de camere \u0219i 365 de ferestre, c\u00e2te una pentru fiecare zi a anului. Poart\u0103 semn\u0103tura aceluia\u0219i arhitect italian, Giovanni Battista Ricca, iar dup\u0103 moartea acestuia, construc\u021bia a fost terminat\u0103 de Franz Anton Hillebrandt.<\/p>\n<p>Proiect al arhitectului Riman\u00f3czi K\u00e1lm\u00e1n Jr.,\u00a0<strong>Palatul Moskovits<\/strong>, finalizat \u00een 1905, este unul dintre cele mai frumoase exemple ale stilului secession, \u00een diferitele maniere de expresie ale acestuia. P\u0103duri fermecate, flori stilizate, balustrade dantelate \u0219i o multitudine de decora\u021bii arhitecturale se succed, sinuos, pe fa\u021bada \u0219i \u00een interiorul palatului, induc\u00e2nd o pl\u0103cut\u0103 senza\u021bie de confort. Cl\u0103dit \u00een urm\u0103 cu un secol \u0219i restaurat recent, Palatul Moskovits este una dintre cele mai emblematice\u00a0 construc\u021bii Art Nouveau ale ora\u0219ului Oradea.<\/p>\n<p>Una dintre bijuteriile arhitectonice or\u0103dene este\u00a0<strong>Casa Darvas La Roche<\/strong>, o cl\u0103dire reprezentativ\u0103 a stilului Art Nouveau, cu accente vieneze. Casa este construit\u0103 \u00een stil secession, cu forme simplificate, geometrice, prezent\u00e2nd o deosebit\u0103 importan\u021b\u0103 pentru istoria arhitecturii \u0219i artei. Ridicat\u0103 la \u00eenceputul sec. XX, de c\u0103tre afaceristul evreu Darvas Imre \u0219i de asociatul s\u0103u elve\u021bian, Alfred La Roche, casa a fost v\u00e2ndut\u0103 familiei evreie\u0219ti Simon, o serie de reprezentan\u021bi ai acesteia fiind deporta\u021bi \u0219i uci\u0219i, \u00een timpul Holocaustului. Ast\u0103zi, Casa Darvas La Roche este declarat\u0103 cl\u0103dire protejat\u0103 \u0219i g\u0103zduie\u0219te un muzeu al stilului secession\/Art Nouveau.<\/p>\n<p><strong>Teatrul de Stat din Oradea<\/strong>\u00a0este o cl\u0103dire emblematic\u0103 a ora\u0219ului \u0219i ad\u0103poste\u0219te dou\u0103 mari institu\u021bii teatrale: Teatrul Regina Maria \u0219i Teatrul Szigligeti. A fost construit \u00een perioada 21 iulie 1899 \u2013 1 octombrie 1900, iar proiectul arhitectural \u00eei apar\u021bine lui Riman\u00f3czi K\u00e1lm\u00e1n Jr. Intrarea principal\u0103 este \u00eencadrat\u0103 de statuile Zei\u021bei Comediei, respectiv Tragediei, iar exteriorul cl\u0103dirii \u00eembin\u0103 elemente ale stilului neoclasic cu elemente neorenascentiste \u0219i neobaroce. \u00cen ceea ce prive\u0219te finisajele interioare, acestea apar\u021bin stilului rococo.<\/p>\n<p><strong>Muzeul \u021a\u0103rii Cri\u0219urilor<\/strong>\u00a0este un complex muzeal subordonat Consiliului Jude\u021bean Bihor, iar \u00een cadrul acestuia func\u021bioneaz\u0103 sec\u021biile de Arheologie, Istorie, \u0218tiin\u021bele Naturii, Etnografie, Art\u0103, Muzee Memoriale, Grupuri Sociale, Istorie a Minorit\u0103\u021bilor, etc.\u00a0 Mai intr\u0103 \u00een componen\u021ba acestui complex muzeal, institu\u021bii culturale precum Muzeul Memorial \u201dIosif Vulcan\u201d, Muzeul Memorial \u201dAdy Endre\u201d \u0219i Muzeul Memorial \u201dAurel Laz\u0103r\u201d dar \u0219i Pe\u0219tera de la Vadu Cri\u0219ului. De remarcat faptul c\u0103 aceast\u0103 institu\u021bie ad\u0103poste\u0219te, \u00een toate sec\u021biile sale, peste 450.000 de piese, situ\u00e2ndu-se pe locul 5, \u00een Rom\u00e2nia, conform unei statistici realizate de Ministerul Culturii.<\/p>\n<p><strong>Palatul Episcopal Greco-Catolic<\/strong>\u00a0este o bijuterie arhitectural\u0103, \u00een stil eclectic, datorat\u0103 arhitectului Riman\u00f3czi K\u00e1lm\u00e1n. A fost construit \u00een anii 1903 \u2013 1905 iar \u00een interiorul palatului se g\u0103sesc picturi neo-bizantine \u0219i vitralii. Palatul Episcopal \u00eentrege\u0219te comoara arhitectural\u0103 or\u0103dean\u0103, eviden\u021biindu-se printr-o fin\u0103 \u00eempletire a mai multor stiluri: romanic, rococo, baroc \u0219i Art Nouveau.<\/p>\n<p>Pe l\u00e2ng\u0103 m\u0103re\u021bele edificii enumerate deja, \u00een Oradea s\u0103l\u0103\u0219luiesc, la fiecare col\u021b de strad\u0103, alte \u0219i alte obiective demne de aten\u021bia turistului de pretutindeni.[\/vc_column_text][vc_empty_space height=&#8221;65px&#8221;]<div class=\"qodef-section-title-holder  qodef-st-standard qodef-st-title-left  qodef-st-normal-space  \" >\n\t<div class=\"qodef-st-inner\">\n                    <span class=\"qodef-st-subtitle\" style=\"font-size: 23px;font-weight: 400\">\n                Discover the city            <\/span>\n        \t\t\t\t\t<h1 class=\"qodef-st-title\" >\n\t\t\t\tFREE TIME<br \/>\t\t\t<\/h1>\n\t\t\t\t\t<\/div>\n<\/div>[vc_column_text]Dac\u0103 a\u021bi ajuns la Lounge 8 Studios \u0219i v\u0103 \u00eentreba\u021bi cum v\u0103 pute\u021bi petrece timpul liber \u00een Oradea, unde v\u0103 pute\u021bi relaxa al\u0103turi de cei dragi \u0219i care sunt locurile \u00een care se m\u0103n\u00e2nc\u0103 bine, atunci trebuie s\u0103 \u0219ti\u021bi c\u0103 exist\u0103 o mul\u021bime de variante.<\/p>\n<p><strong>Gr\u0103dina Zoologic\u0103 din Oradea<\/strong>, situat\u0103 la 1.8 km de unit\u0103\u021bile de cazare, are un habitat dintre cele mai propice, af\u00e2ndu-se sub un pod vegetal format din peste 40 de specii de copaci, arborii seculari reprezent\u00e2nd 20% din flora de aici. Micul univers Zoo dateaz\u0103 din anul 1960 c\u00e2nd au fost aduse primele specii. Ast\u0103zi, pe l\u00e2ng\u0103 cele 650 de exemplare de animale domestice \u0219i s\u0103lbatice, din peste 140 de specii, vizitatorii pot face cuno\u0219tin\u021b\u0103 cu un univers al copil\u0103riei tradi\u021bionale, o oaz\u0103 de lini\u0219te, ideal\u0103 pentru odihn\u0103 \u0219i recreere.<\/p>\n<p>Cel mai mare Aquapark din aceast\u0103 regiune a Europei,\u00a0<strong>Aquaparkul Nymphaea<\/strong>\u00a0este situat la o distan\u021b\u0103 de 4.1 km de Lounge 8 Studios. \u00centins pe o suprafa\u021b\u0103 de 7 hectare, Aquaparkul este construit dintr-un arsenal de 10 tobogane, 15 bazine de \u00eenot \u0219i relaxare, structuri de joac\u0103 speciale pentru copii, saune, saloane de masaj, baie turceasc\u0103, terenuri de sport \u0219i restaurante.<\/p>\n<p><strong>Noua Sala Polivalent\u0103 din Oradea<\/strong>, situat\u0103 la 5 minute de Lounge 8 Studio, inaugurata in 2021 g\u0103zduie\u0219te evenimente sportive, culturale, concerte \u0219.a.[\/vc_column_text][vc_empty_space height=&#8221;50px&#8221;][vc_images_carousel images=&#8221;4298,4302,4306&#8243; img_size=&#8221;full&#8221;][vc_column_text]Pentru iubitorii de shopping, cele mai apropiate\u00a0<strong>galerii comerciale<\/strong>, se afl\u0103 la doar 5 minute de mers pe jos \u0219i \u00ee\u0219i promit o experien\u021b\u0103 complet\u0103 at\u00e2t pentru cei mari, c\u00e2t \u0219i pentru cei mici.<\/p>\n<p>La mic\u0103 distan\u021b\u0103 de ora\u0219 \u0219i la 15 minute de mers cu ma\u0219ina fa\u021b\u0103 de Lounge 8 Studio se afl\u0103 cea mai mare sta\u021biune balnear\u0103 cu regim permanent din Rom\u00e2nia,\u00a0<strong>B\u0103ile Felix.<\/strong>\u00a0Izvoarele termale de aici au fost descoperite la \u00eenceputul anilor 1200, dar puse \u00een valoare abia \u00een secolul al XVIII-lea de c\u0103lug\u0103rul Felix Helcher. Recunoa\u0219terea a venit odat\u0103 cu Medalia de Aur pe care B\u0103ile Felix au primit-o la Expozi\u021bia Universal\u0103 de la Berlin, din anul 1896, care le-a fost decernat\u0103 pentru calitatea apelor termale. Facilit\u0103\u021bile existente permit tratarea reumatismului, afec\u021biunilor neurologice, ginecologice, iar bazele medicale dispun de instala\u021bii pentru metode ca electroterapia, hidroterapia,\u00a0aerosoli, masaje, \u00eempachet\u0103ri cu parafin\u0103 \u0219i alte opera\u021biuni specifice tratamentelor balneare.<\/p>\n<p>Pe l\u00e2ng\u0103 lacurile cu nuferi \u0219i lotu\u0219i, populate cu broa\u0219te \u021bestoase si pe\u0219ti exotici, rezerva\u021biile naturale, l\u0103ca\u0219urile de cult \u0219i obiectivele istorice, v\u0103 pute\u021bi bucura de aquapark-ul Felixarium, din cadrul Lotus Therm, singurul complex termal de 5 stele din Rom\u00e2nia, dar \u0219i de alte \u0219tranduri cu ape termale, parcuri de distrac\u021bii sau aquapark-uri.<\/p>\n<p>Atunci c\u00e2nd vi se face foame, v\u0103 pute\u021bi opri s\u0103 lua\u021bi masa la unul din cele mai apropiate \u0219i recomandate\u00a0<strong>restaurante<\/strong>\u00a0din zon\u0103, aflate la o distan\u021b\u0103 de 3-15 minute de loca\u021bie: Pia\u021ba 9, Steak HUB, Corsarul, Rivo Restaurant &amp; Lounge, Restaurant Allegria , Via29, Pizzeria Due Fratelli, Graf Restaurant &amp; Pizzerie, To Chefs Restaurant sau pute\u021bi opta pentru varianta de Fast Food (KFC). Pentru cafegii, Tucano Caffee sau Ristretto sunt cele mai bune alegeri, pentru iubitorii de vinuri, ReWine vine cu o gam\u0103 variat\u0103 de soiuri, iar pentru un coktail pe cinste, cei de la Rivo se afl\u0103 la doar c\u00e2teva minute distan\u021b\u0103.<\/p>\n<p>Dac\u0103 dori\u021bi s\u0103 face\u021bi doar ni\u0219te cump\u0103r\u0103turi rapide, la mai pu\u021bin de 5 minute de mers cu ma\u0219ina, pute\u021bi opri la Kaufland, Auchan sau\u00a0 Carrefour, iar \u00een zon\u0103 se afl\u0103 \u0219i magazine Non-Stop pentru orice fel de urgen\u021b\u0103.[\/vc_column_text][vc_empty_space height=&#8221;65px&#8221;]<div class=\"qodef-section-title-holder  qodef-st-standard qodef-st-title-left  qodef-st-normal-space  \" >\n\t<div class=\"qodef-st-inner\">\n                    <span class=\"qodef-st-subtitle\" style=\"font-size: 23px;font-weight: 400\">\n                Discover the city            <\/span>\n        \t\t\t\t\t<h1 class=\"qodef-st-title\" >\n\t\t\t\tTRANSPORT\t\t\t<\/h1>\n\t\t\t\t\t<\/div>\n<\/div>[vc_column_text]Apartamentele \u00een regim hotelier, Lounge 8 Studios, sunt situate pe str. Calea Aradului, nr. 4A, \u00een cartierul Luceaf\u0103rul, la 3 minute distan\u021b\u0103 de \u0219oseaua de centura ora\u0219ului. Cel mai apropiat aeroport este\u00a0<strong>Aeroportul Interna\u021bional Oradea<\/strong>, situat la 5 minute de mers cu ma\u0219ina (aproximativ 4.3 km). Ca \u0219i alternativ\u0103,\u00a0<strong>Aeroportul Interna\u021bional Debrecen<\/strong>, din Ungaria, se afl\u0103 la o distan\u021b\u0103 de 80 km fa\u021b\u0103 de unit\u0103\u021bile de cazare. Serviciul de transfer la\/de la aeroport poate fi asigurat pentru o tax\u0103 suplimentar\u0103.<\/p>\n<p><strong>Gara Central\u0103 din Oradea<\/strong>\u00a0este situat\u0103 la o distan\u021b\u0103 de 3.1 km, \u00een timp ce autocarele, autobuzele sau microbuzele opresc \u00een\u00a0<strong>Autogara Principal\u0103<\/strong>\u00a0(Intrans) care se afl\u0103 la 4.8 km de loca\u021bie. De asemenea, pute\u021bi \u00eenchiria ma\u0219ini pentru deplasare, ave\u021bi la dispozi\u021bie taxi-uri sau pute\u021bi folosi de mijloacele de transport public local (autobuze, tramvaie).<\/p>\n<p><a href=\"http:\/\/www.otlra.ro\/reteatransport\" target=\"_blank\" rel=\"noopener\">http:\/\/www.otlra.ro\/reteatransport<\/a>[\/vc_column_text][\/vc_column][\/vc_row]<\/p>\n","protected":false},"excerpt":{"rendered":"<p>[vc_row row_content_width=&#8221;grid&#8221; css=&#8221;.vc_custom_1524036858054{padding-top: 115px !important;padding-bottom: 113px !important;}&#8221;][vc_column][vc_column_text]De-a lungul timpului, Oradea a reprezentat un punct de referin\u021b\u0103 \u00een zona culturii, economiei \u0219i vie\u021bii sociale, fiind considerat\u0103 cel mai important ora\u0219 din regiunea istoric\u0103 Cri\u0219ana. Dac\u0103 alege\u021bi Lounge 8, ve\u021bi fi impresiona\u021bi de vederea panoramic\u0103 care v\u0103 [&hellip;]<\/p>\n","protected":false},"author":3,"featured_media":0,"parent":0,"menu_order":0,"comment_status":"closed","ping_status":"closed","template":"","meta":{"footnotes":""},"_links":{"self":[{"href":"https:\/\/www.lounge8.ro\/ro\/wp-json\/wp\/v2\/pages\/4622"}],"collection":[{"href":"https:\/\/www.lounge8.ro\/ro\/wp-json\/wp\/v2\/pages"}],"about":[{"href":"https:\/\/www.lounge8.ro\/ro\/wp-json\/wp\/v2\/types\/page"}],"author":[{"embeddable":true,"href":"https:\/\/www.lounge8.ro\/ro\/wp-json\/wp\/v2\/users\/3"}],"replies":[{"embeddable":true,"href":"https:\/\/www.lounge8.ro\/ro\/wp-json\/wp\/v2\/comments?post=4622"}],"version-history":[{"count":14,"href":"https:\/\/www.lounge8.ro\/ro\/wp-json\/wp\/v2\/pages\/4622\/revisions"}],"predecessor-version":[{"id":5083,"href":"https:\/\/www.lounge8.ro\/ro\/wp-json\/wp\/v2\/pages\/4622\/revisions\/5083"}],"wp:attachment":[{"href":"https:\/\/www.lounge8.ro\/ro\/wp-json\/wp\/v2\/media?parent=4622"}],"curies":[{"name":"wp","href":"https:\/\/api.w.org\/{rel}","templated":true}]}}