{"id":4635,"date":"2021-04-27T11:53:13","date_gmt":"2021-04-27T11:53:13","guid":{"rendered":"https:\/\/www.lounge8.ro\/erkunden-sie-die-stadt\/"},"modified":"2021-05-13T12:15:24","modified_gmt":"2021-05-13T12:15:24","slug":"erkunden-sie-die-stadt","status":"publish","type":"page","link":"https:\/\/www.lounge8.ro\/de\/erkunden-sie-die-stadt\/","title":{"rendered":"ERKUNDEN SIE DIE STADT"},"content":{"rendered":"<p>[vc_row row_content_width=&#8220;grid&#8220; css=&#8220;.vc_custom_1524036858054{padding-top: 115px !important;padding-bottom: 113px !important;}&#8220;][vc_column]<div class=\"qodef-section-title-holder  qodef-st-standard qodef-st-title-left  qodef-st-normal-space  \" >\n\t<div class=\"qodef-st-inner\">\n                    <span class=\"qodef-st-subtitle\" style=\"font-size: 23px;font-weight: 400\">\n                Entdecken und erkunden Sie die Stadt            <\/span>\n        \t\t\t\t\t<h1 class=\"qodef-st-title\" >\n\t\t\t\tERKUNDEN SIE<br \/> DIE STADT\t\t\t<\/h1>\n\t\t\t\t\t<\/div>\n<\/div>[vc_column_text]Im Laufe der Zeit war Oradea ein Bezugspunkt im Bereich Kultur, Wirtschaft und soziales Leben und wurde als die wichtigste Stadt in der historischen Region Cri\u0219ana angesehen. Wenn Sie sich f\u00fcr Lounge 8 entscheiden, werden Sie von dem Panoramablick, der Sie dazu ermutigt, die Sch\u00f6nheiten der Stadt zu erkunden, beeindruckt sein.<\/p>\n<p>Die Geschichte der Festung Oradea, 3,8 km von Lounge 8 entfernt, beginnt 1092 w\u00e4hrend einer Jagdgesellschaft. Es wird erz\u00e4hlt, dass der K\u00f6nig von Ungarn, Ladislaus I., am Ufer des Kreisches \u00fcbernachtet hat, und w\u00e4hrend der Nacht erschienen ihm zwei Engel im Traum und baten ihn, dort ein Kloster zu bauen. Er nannte diesen Ort V\u00e1rad und baute um das Gotteshaus herum eine Festung, die das Christentum jahrhundertelang verteidigen sollte. Die erste nachgewiesene historische Angabe ist erst im Jahr 1113 zu finden, als Oradea in einer Chronik der Benediktinerm\u00f6nche aus dem Zobor-Kloster erw\u00e4hnt wurde.<\/p>\n<p>Die Festung wurde in architektonischem Renaissance- und Barockstil erbaut und zwischen dem 12. und 18. Jahrhundert mit Hilfe mehrerer Architekten entwickelt. Sie umfasst 12 Geb\u00e4udeteile und 5 Bastionen (Goldene Bastion, Bethlen-Bastion, Ciunt-Bastion, Cr\u0103i\u0219orul-Bastion, Rote Bastion), wobei beeindruckende Denkm\u00e4ler der Prinzenpalast, der Gotische Palast und die R\u00f6misch-Katholische Kirche sind. Mit der Zeit wurde die Festung zu einem Ort des Zusammenlebens eines ethnischen Mosaiks, das zur Etablierung der heutigen ethnischen Zusammensetzung von Oradea beitrug: Rum\u00e4nen, Ungarn, \u00d6sterreicher, Deutsche, Slowaken, Juden, Ukrainer, T\u00fcrken usw.<\/p>\n<p>Nach einer langen Belagerung wurde Oradea 1660 von den Osmanen besetzt und 1867 Teil des \u00d6sterreichisch-Ungarischen Reiches und war, nach der Hauptstadt Budapest, die wichtigste Stadt davon. Erst seit 1919 geh\u00f6rt Oradea zu Rum\u00e4nien wobei die Stadt, aufgrund des historischen Kontextes, eine abwechslungsreiche Kultur entwickelt.<\/p>\n<p>Heute ist die Festung Oradea eine echte Attraktion, die Legenden, arch\u00e4ologische Nachweise, Denkm\u00e4ler, aber auch mittelalterliche Demonstrationen, Freiluftkino, Messen, Handwerksbetriebe und Streetfood-Festivals beherbergt.[\/vc_column_text][vc_empty_space height=&#8220;50px&#8220;][vc_images_carousel images=&#8220;4668,4672,4676&#8243; img_size=&#8220;full&#8220;][vc_column_text]Eine weitere Attraktion der Stadt ist <strong>Pia\u021ba Unirii <\/strong><em>(der Unirii-Platz)<\/em> oder das Zentrum, wie die Einwohner von Oradea es nennen. Der Unirii-Platz liegt 1,7 km von den Lounge 8 Studios (10 Gehminuten) entfernt und ist der 0-Punkt der Stadt, an dem sich viele der ber\u00fchmten Geb\u00e4ude, sowie unz\u00e4hlige Caf\u00e9s und Restaurants befinden. In der N\u00e4he des Rathauses k\u00f6nnen Sie auf der neuen <strong>Promenade am Ufer der Cri\u0219<\/strong>, die \u00fcber eine Umgebungsbeleuchtung verf\u00fcgt, spazieren gehen.<\/p>\n<p>Wenn Sie den Unirii-Platz erreicht haben, m\u00fcssen Sie auch die Stufen des <strong>Rathaus-Turms<\/strong> steigen. Obwohl es f\u00fcr viele Touristen eine echte Herausforderung darstellt, ist die Aussicht, die Sie entdecken werden, unvergesslich. Ein ebenso beeindruckender, aber vielleicht umfassenderer Panoramablick bietet <strong>Dealul Ciuperc\u0103<\/strong> <em>(der Pilz-H\u00fcgel)<\/em>, der vor allem im Sommer als Ort der Entspannung und Geselligkeit f\u00fcr junge Menschen gilt.<\/p>\n<p>Ein weiterer Ort, an dem Sie sich entspannen k\u00f6nnen, sind die <strong>dendrologischen Parks<\/strong>, in denen B\u00e4ume und Str\u00e4ucher von Dutzenden Arten beheimatet sind (Barockpalastpark, Dendrologischer Park der Festung, Universit\u00e4tspark, Pet\u0151fi-Park).<\/p>\n<p>Sie k\u00f6nnen Ihren Tag auf der <strong>Calea Republicii<\/strong> beenden, einer Fu\u00dfg\u00e4ngerzone, in der sich die B\u00fcrger von Oradea und Touristen f\u00fcr eine wohlverdiente Pause zur\u00fcckziehen k\u00f6nnen, nachdem Sie einige Stunden auf den Stra\u00dfen der Stadt herumspaziert und die Museen und die Festung besucht haben. Neben den Sezessionspal\u00e4sten finden Sie im Erdgeschoss der historischen Geb\u00e4ude zahlreiche Terrassen, auf denen Sie Kaffee, Mittag- oder Abendessen genie\u00dfen k\u00f6nnen. Auch das Nachtleben ist sehr aktiv. Das historische Zentrum der Stadt ist reich an Restaurants, Terrassen und Clubs, in denen Sie Ihre sp\u00e4ten N\u00e4chte mit Ihren Lieben verbringen k\u00f6nnen.<br \/>\n[\/vc_column_text][vc_empty_space height=&#8220;65px&#8220;]<div class=\"qodef-section-title-holder  qodef-st-standard qodef-st-title-left  qodef-st-normal-space  \" >\n\t<div class=\"qodef-st-inner\">\n                    <span class=\"qodef-st-subtitle\" style=\"font-size: 23px;font-weight: 400\">\n                Entdecken und erkunden Sie die Stadt            <\/span>\n        \t\t\t\t\t<h1 class=\"qodef-st-title\" >\n\t\t\t\tKULTURELLE ZIELE<br \/>\t\t\t<\/h1>\n\t\t\t\t\t<\/div>\n<\/div>[vc_column_text]F\u00fcr Liebhaber von Geschichte und Kultur empfehlen die Lounge 8 Studios eine Reihe von Zielen, die Sie in Oradea nicht verpassen sollten.<\/p>\n<p>Im Jahr 2011 w\u00e4hlten die Einwohner von Oradea als Symbol der Stadt den<strong> Palast des Schwarzen Adlers<\/strong>, ein beeindruckendes Geb\u00e4ude, das 1907 nach den Pl\u00e4nen der Architekten Marcel Komor und Dezs\u0151 Jakob erbaut wurde und von einer ber\u00fchmten Galerie in Mailand inspiriert wurde. Unbestritten ist der Palast das repr\u00e4sentativste Denkmal des Sezessionsstils in Siebenb\u00fcrgen und wurde an der Stelle des Gasthofs Arborele Verde, einem Geb\u00e4ude aus dem Jahr 1714, in dem f\u00fcr eine Weile das Rathaus untergebracht war, errichtet.<\/p>\n<p>Der Palast hat die Form des Buchstabens Y und \u00f6ffnet sich zu drei Stra\u00dfen, wobei jeder der Eing\u00e4nge wird von einem schwarzen Adler dominiert wird. Der Eingang zum Unirii-Platz ist auch bemerkenswert f\u00fcr den Glockenturm, der reich mit Sezessionsmotiven verziert ist und mit anderen Barock- oder Rokokostilen kombiniert wird, um die Kreativit\u00e4t und das k\u00fcnstlerische Denken des fr\u00fchen 20. Jahrhunderts zu veranschaulichen.<\/p>\n<p>Der wichtigste Anziehungspunkt des Palastes ist der mit Glas bedeckte Innengang, ein einzigartiges Element im Kontext der Sezessionsarchitektur und eine echte Freude aufgrund des Lichts, das durch das Buntglas einf\u00e4llt.<\/p>\n<p>Ein Bezugspunkt in der architektonischen Landschaft von Oradea ist die Kathedrale Maria Himmelfahrt oder die <strong>Kirche mit dem Mond<\/strong>, die aufgrund eines in Europa einzigartigen Mechanismus benannt wurde; dieses ist auf dem Kirchturm montiert und setzt eine Kugel mit einem Durchmesser von einem Meter, mondf\u00f6rmig, schwarz- und goldfarbig bemalt, in Bewegung. Durch Drehen, \u00e4hnlich der Rotationsbewegung des Mondes um die Erde, zeigt diese Kugel die Mondphasen an.<\/p>\n<p>Das Denkmal profitiert auch von einem anderen Element, das ihm Einzigartigkeit verleiht, n\u00e4mlich dem Portr\u00e4t von Horea, einem der F\u00fchrer des Aufstands von 1784. Man sagt, dass dieses Portr\u00e4t die einzige authentische Reproduktion ist, wobei das Original sich heute im Museum des orthodoxen Bistums von Oradea befindet.<\/p>\n<p><strong>Die Zion Neologische Synagoge<\/strong> ist ein wesentlicher Bestandteil des historischen Zentrums der Gro\u00dfstadt Oradea und in die Liste der historischen Denkm\u00e4ler eingetragen. Es wurde 1878 von den Reformjuden in Oradea unmittelbar nach ihrer Trennung von der orthodoxen j\u00fcdischen Gemeinde erbaut.<\/p>\n<p>Das Architekturprojekt geht auf ein prominentes Mitglied der j\u00fcdischen Gemeinde, Busch David, den Chefarchitekten der Stadt, zur\u00fcck und einen in der Oradea-Architektur bekannten Namen, Riman\u00f3czi K\u00e1lm\u00e1n, war f\u00fcr den Bau des Geb\u00e4udes verantwortlich.<\/p>\n<p>Die k\u00fcrzlich erfolgte Sanierung dieses bemerkenswerten Denkmals stellt die Wiederherstellung eines emblematischen Geb\u00e4udes f\u00fcr die gesamte Gemeinde dar. Angesichts der Kapazit\u00e4t von 1000 Sitzpl\u00e4tzen beherbergt die Synagoge heute verschiedene Erscheinungsformen zeitgen\u00f6ssischer Kunst.<\/p>\n<p>Die r\u00f6misch-katholische Basilika ist, zusammen mit der Kanonischen Reihe und dem r\u00f6misch-katholischen Bischofspalast, das gr\u00f6\u00dfte Barockensemble auf dem innerhalb Rum\u00e4niens und von unsch\u00e4tzbarem Wert: <strong>Barockkomplexpark.<\/strong>[\/vc_column_text][vc_empty_space height=&#8220;50px&#8220;][vc_images_carousel images=&#8220;4668,4672,4676&#8243; img_size=&#8220;full&#8220;][vc_column_text]Die r\u00f6misch-katholische Kathedrale ist das gr\u00f6\u00dfte Barockgeb\u00e4ude Rum\u00e4niens und eine der sch\u00f6nsten Basiliken Europas. Es ist der \u201eHeiligen Maria\u201c gewidmet und wurde zwischen 1752 und 1780 nach dem Projekt des italienischen Architekten Giovanni Battista Ricca erbaut. Auf dem Gel\u00e4nde k\u00f6nnen Besucher die Reliquien des Heiligen Ladislaus sowie die ber\u00fchmte Orgel, die Kaiserin Maria Theresia von \u00d6sterreich dem Dom gestiftet hat, entdecken. Dieses gro\u00dfartige Geb\u00e4ude durchquert die Jahrhunderte zusammen mit den 10 Geb\u00e4uden, aus denen die Kanonische Reihe besteht und die durch die 57 B\u00f6gen ein Gef\u00fchl der Unendlichkeit erzeugen.<\/p>\n<p>Der Barockpalast oder der Palast des r\u00f6misch-katholischen Episkopats vervollst\u00e4ndigen dieses Barockensemble erfreulich. Der Palast ist eines der gro\u00dfartigsten Geb\u00e4ude dieses Stils in unserem Land, mit 100 Zimmern und 365 Fenstern, eines f\u00fcr jeden Tag des Jahres. Es tr\u00e4gt die Unterschrift des gleichen italienischen Architekten, Giovanni Battista Ricca, wobei nach dessen Tod wurde der Bau von Franz Anton Hillebrandt abgeschlossen.<\/p>\n<p>Der 1905 fertiggestellte <strong>Moskovits Palast<\/strong> wurde vom Architekten Riman\u00f3czi K\u00e1lm\u00e1n Jr. entworfen und ist in seinen verschiedenen Ausdrucksformen eines der sch\u00f6nsten Beispiele f\u00fcr den Sezessionsstil. Verzauberte W\u00e4lder, stilisierte Blumen, Spitzengel\u00e4nder und eine Vielzahl von architektonischen Dekorationen folgen aufeinander, winden sich an der Fassade und im Inneren des Palastes und sorgen f\u00fcr ein angenehmes Gef\u00fchl von Komfort. Der vor einem Jahrhundert erbaute und k\u00fcrzlich restaurierte Moskovits Palast ist eines der bedeutendsten Jugendstilgeb\u00e4ude in Oradea.<\/p>\n<p>Eines der architektonischen Juwelen von Oradea ist das<strong> Darvas La Roche Haus<\/strong>, ein repr\u00e4sentatives Geb\u00e4ude im Jugendstil mit Wiener Akzenten. Das Haus ist im Sezessionsstil gebaut, mit vereinfachten geometrischen Formen, die eine besondere Bedeutung f\u00fcr die Geschichte der Architektur und Kunst darstellen. Das Haus wurde im fr\u00fchen 20. Jahrhundert vom j\u00fcdischen Gesch\u00e4ftsmann Darvas Imre und seinem Schweizer Assoziierten, Alfred La Roche erbaut und an die j\u00fcdische Familie Simon verkauft. Einige ihrer Vertreter wurden w\u00e4hrend des Holocaust deportiert und ermordet. Heute ist das Darvas La Roche &#8211; Haus ein denkmalgesch\u00fctztes Geb\u00e4ude und beherbergt ein Sezessions- \/ Jugendstil-Museum.<\/p>\n<p>Das <strong>Staatstheater von Oradea<\/strong> ist ein Wahrzeichen der Stadt und beherbergt zwei gro\u00dfe Theaterinstitutionen: Regina Maria-Theater und Szigligeti Theater. Es wurde zwischen dem 21. Juli 1899 und dem 1. Oktober 1900 erbaut und das Architekturprojekt geh\u00f6rt Riman\u00f3czi K\u00e1lm\u00e1n Jr. Der Haupteingang wird von den Statuen der G\u00f6ttin der Kom\u00f6die bzw. der Trag\u00f6die eingerahmt, und das \u00c4u\u00dfere des Geb\u00e4udes kombiniert Elemente des neoklassizistischen Stils mit Elementen der Neorenaissance und des Neobarocks. Die Innenausstattung geh\u00f6rt zum Rokokostil.<\/p>\n<p><strong>Das Museum des Landes Cri\u0219uri<\/strong> ist ein dem Kreisrat Bihor untergeordneter Museumskomplex, in dem die Bereiche Arch\u00e4ologie, Geschichte, Naturwissenschaften, Ethnographie, Kunst, Gedenkmuseen, Soziale Gruppen, Minderheitengeschichte usw. betrieben werden. Zu diesem Museumskomplex geh\u00f6ren auch kulturelle Einrichtungen wie das Gedenkmuseum \u201eIosif Vulcan\u201c, das Gedenkmuseum \u201eAdy Endre\u201c und das Gedenkmuseum \u201eAurel Laz\u0103r\u201c, aber auch die H\u00f6hle Vadu Cri\u0219ului. Es ist anzumerken, dass diese Institution in all ihren Abteilungen \u00fcber 450.000 St\u00fccke beherbergt und, laut Statistiken des Kulturministeriums. auf Platz 5 in Rum\u00e4nien steht.<\/p>\n<p><strong>Der griechisch-katholische Bischofspalast<\/strong> ist ein architektonisches Juwel des Architekten Riman\u00f3czi K\u00e1lm\u00e1n in einem vielseitigen Stil. Es wurde zwischen 1903 und 1905 erbaut und im Inneren des Palastes befinden sich neo-byzantinische Gem\u00e4lde und Glasmalereien. Der Bischofspalast vervollst\u00e4ndigt den architektonischen Schatz von Oradea und wird durch eine feine Verflechtung verschiedener Stile: Romanik, Rokoko, Barock und Jugendstil hervorgehoben.<\/p>\n<p>Zus\u00e4tzlich zu den bereits aufgelisteten gro\u00dfen Geb\u00e4uden in Oradea sind an jeder Stra\u00dfenecke weitere Ziele, welche die Aufmerksamkeit von Touristen \u00fcberall verdienen, festzustellen.[\/vc_column_text][vc_empty_space height=&#8220;65px&#8220;]<div class=\"qodef-section-title-holder  qodef-st-standard qodef-st-title-left  qodef-st-normal-space  \" >\n\t<div class=\"qodef-st-inner\">\n                    <span class=\"qodef-st-subtitle\" style=\"font-size: 23px;font-weight: 400\">\n                Entdecken und erkunden Sie die Stadt            <\/span>\n        \t\t\t\t\t<h1 class=\"qodef-st-title\" >\n\t\t\t\tFREIZEIT\t\t\t<\/h1>\n\t\t\t\t\t<\/div>\n<\/div>[vc_column_text]Wenn Sie in den Lounge 8 Studios angekommen sind und sich fragen, wie Sie Ihre Freizeit in Oradea verbringen k\u00f6nnen, wo Sie sich mit Ihren Lieben entspannen und wo Sie gut essen k\u00f6nnen, sollten Sie wissen, dass es viele M\u00f6glichkeiten gibt.<\/p>\n<p>Der Zoo von Oradea liegt 1,8 km von den Wohneinheiten entfernt und verf\u00fcgt \u00fcber einen der am besten geeigneten Lebensr\u00e4ume. Er befindet sich unter einer pflanzlichen Br\u00fccke, die von \u00fcber 40 Baumarten gebildet wird. Die jahrhundertealten B\u00e4ume machen hier 20% der Flora aus. Das kleine Zoo-Universum stammt aus dem Jahr 1960, als die ersten Arten gebracht wurden. Heute k\u00f6nnen Besucher, neben den 650 Exemplaren von Haus- und Wildtieren, aus \u00fcber 140 Arten ein Universum traditioneller Kindheit, eine Oase des Friedens, ideal f\u00fcr Ruhe und Erholung, entdecken.<\/p>\n<p>&nbsp;<\/p>\n<p>Der <strong>Nymphaea Aquapark<\/strong>, der gr\u00f6\u00dfte Aquapark in dieser Region Europas, liegt 3.5km von den Lounge 8 Studios entfernt. Der Aquapark erstreckt sich \u00fcber eine Fl\u00e4che von 7 Hektar und besteht aus einem Arsenal von 10 Rutschen, 15 Schwimm- und Entspannungspools, speziellen Spielpl\u00e4tzen f\u00fcr Kinder, Saunen, Massagesalons, T\u00fcrkischen B\u00e4dern, Sportpl\u00e4tzen und Restaurants.<\/p>\n<p><strong>In der neuen Mehrzweckhalle in Oradea<\/strong>, 5 Minuten vom Lounge 8 Studio entfernt, im 2021 eingeweiht, finden Sport-, Kulturveranstaltungen, Konzerte usw. statt.[\/vc_column_text][vc_empty_space height=&#8220;50px&#8220;][vc_images_carousel images=&#8220;4668,4672,4676&#8243; img_size=&#8220;full&#8220;][vc_column_text]F\u00fcr Einkaufsliebhaber sind die n\u00e4chsten <strong>Einkaufsgalerien<\/strong> nur 5 Gehminuten entfernt und versprechen ein umfassendes Erlebnis f\u00fcr Erwachsene und Kinder.<\/p>\n<p>Nur wenige Gehminuten von der Stadt und eine 15-min\u00fctige Fahrt vom Lounge 8 Studio entfernt befindet sich <strong>B\u0103ile Felix<\/strong>, das gr\u00f6\u00dfte permanente SPA-Resort in Rum\u00e4nien. Die Thermalquellen wurden hier im fr\u00fchen 12. Jahrhundert entdeckt, jedoch erst im 18. Jahrhundert vom M\u00f6nch Felix Helcher verwertet. \u00a0Die Anerkennung kam mit der Goldmedaille, die B\u0103ile Felix 1896 auf der Weltausstellung in Berlin erhielt und die f\u00fcr die Qualit\u00e4t des Thermalwassers verliehen wurde. Die vorhandenen Einrichtungen erm\u00f6glichen die Behandlung von Rheuma, neurologischen und gyn\u00e4kologischen Erkrankungen, und die medizinischen Ausstattungen verf\u00fcgen \u00fcber Einrichtungen f\u00fcr Methoden wie Elektrotherapie, Hydrotherapie, Aerosole, Massagen, Paraffinwicklung und andere Operationen, die f\u00fcr SPA-Behandlungen spezifisch sind.<\/p>\n<p>Neben den Rosen mit den Seerosen und Lotusblumen mit Schildkr\u00f6ten und exotischen Fischen, Naturschutzgebieten, Kultst\u00e4tten und historischen St\u00e4tten k\u00f6nnen Sie den Felixarium-Aquapark im Lotus Therm, dem einzigen 5-Sterne-W\u00e4rmekomplex in Rum\u00e4nien, und anderen thermischen Pools, Vergn\u00fcgungsparks oder Aquaparks genie\u00dfen.<\/p>\n<p>Wenn Sie hungrig sind, k\u00f6nnen Sie in einem der n\u00e4chstgelegenen und empfohlenen <strong>Restaurants<\/strong> in der Umgebung zu Mittag essen, das sich in einer Entfernung von 3 bis 15 Minuten vom Standort befindet: Piata 9, Steak HUB, Corsaril, Rivo Restaurant &amp; Lounge, Allegria Restaurant, Via29, Pizzeria Due Fratelli, Graf Restaurant &amp; Pizzeria, To Chefs Restaurant oder Sie k\u00f6nnen sich f\u00fcr die Fast Food (KFC) Option entscheiden. F\u00fcr Kaffeeliebhaber sind Tucano Caffee oder Ristretto die beste Wahl, f\u00fcr Weinliebhaber bietet ReWine eine gro\u00dfe Auswahl an Sorten, und f\u00fcr einen Cocktail ist Rivo nur wenige Minuten entfernt.<\/p>\n<p>Wenn Sie nur schnell einkaufen m\u00f6chten, weniger als 5 Minuten mit dem Auto entfernt, k\u00f6nnen Sie in Kaufland, Auchan oder Carrefour Halt machen. In der Umgebung gibt es Non-Stop-Gesch\u00e4fte f\u00fcr jede Art von Notfall.[\/vc_column_text][vc_empty_space height=&#8220;65px&#8220;]<div class=\"qodef-section-title-holder  qodef-st-standard qodef-st-title-left  qodef-st-normal-space  \" >\n\t<div class=\"qodef-st-inner\">\n                    <span class=\"qodef-st-subtitle\" style=\"font-size: 23px;font-weight: 400\">\n                Entdecken und erkunden Sie die Stadt            <\/span>\n        \t\t\t\t\t<h1 class=\"qodef-st-title\" >\n\t\t\t\tTRANSPORT\t\t\t<\/h1>\n\t\t\t\t\t<\/div>\n<\/div>[vc_column_text]Die Hotelapartments Lounge 8 Studios befinden sich in der Calea Aradului Str., Nr. 4A, im Wohnviertel Luceaf\u0103rul, 3 Minuten von der Stadtringstra\u00dfe entfernt. Der n\u00e4chstgelegene Flughafen ist der 5 Autominuten entfernte <strong>internationale Flughafen Oradea<\/strong> (ca. 4,3 km). Alternativ ist der <strong>internationale Flughafen Debrecen<\/strong> in Ungarn 80 km von der Unterkunft entfernt. Der Shuttleservice zum\/vom Flughafen kann gegen eine zus\u00e4tzliche Geb\u00fchr angeboten werden.<\/p>\n<p><strong>Der Hauptbahnhof von Oradea<\/strong> liegt 3,1 km entfernt. Reisebusse, Busse oder Kleinbusse halten am 4,8 km entfernten <strong>Hauptbusbahnhof<\/strong> (Intrans). Sie k\u00f6nnen auch Autos mieten, Taxis bestellen oder \u00f6ffentliche Verkehrsmittel (Busse, Stra\u00dfenbahnen) nutzen.<\/p>\n<p><a href=\"http:\/\/www.otlra.ro\/reteatransport\" target=\"_blank\" rel=\"noopener\">http:\/\/www.otlra.ro\/reteatransport<\/a>[\/vc_column_text][\/vc_column][\/vc_row]<\/p>\n","protected":false},"excerpt":{"rendered":"<p>[vc_row row_content_width=&#8220;grid&#8220; css=&#8220;.vc_custom_1524036858054{padding-top: 115px !important;padding-bottom: 113px !important;}&#8220;][vc_column][vc_column_text]Im Laufe der Zeit war Oradea ein Bezugspunkt im Bereich Kultur, Wirtschaft und soziales Leben und wurde als die wichtigste Stadt in der historischen Region Cri\u0219ana angesehen. Wenn Sie sich f\u00fcr Lounge 8 entscheiden, werden Sie von dem Panoramablick, [&hellip;]<\/p>\n","protected":false},"author":3,"featured_media":0,"parent":0,"menu_order":0,"comment_status":"closed","ping_status":"closed","template":"","meta":{"footnotes":""},"_links":{"self":[{"href":"https:\/\/www.lounge8.ro\/de\/wp-json\/wp\/v2\/pages\/4635"}],"collection":[{"href":"https:\/\/www.lounge8.ro\/de\/wp-json\/wp\/v2\/pages"}],"about":[{"href":"https:\/\/www.lounge8.ro\/de\/wp-json\/wp\/v2\/types\/page"}],"author":[{"embeddable":true,"href":"https:\/\/www.lounge8.ro\/de\/wp-json\/wp\/v2\/users\/3"}],"replies":[{"embeddable":true,"href":"https:\/\/www.lounge8.ro\/de\/wp-json\/wp\/v2\/comments?post=4635"}],"version-history":[{"count":7,"href":"https:\/\/www.lounge8.ro\/de\/wp-json\/wp\/v2\/pages\/4635\/revisions"}],"predecessor-version":[{"id":5066,"href":"https:\/\/www.lounge8.ro\/de\/wp-json\/wp\/v2\/pages\/4635\/revisions\/5066"}],"wp:attachment":[{"href":"https:\/\/www.lounge8.ro\/de\/wp-json\/wp\/v2\/media?parent=4635"}],"curies":[{"name":"wp","href":"https:\/\/api.w.org\/{rel}","templated":true}]}}